{"id":1079,"date":"2022-02-23T17:09:40","date_gmt":"2022-02-23T16:09:40","guid":{"rendered":"https:\/\/familyhotelbelvedere.hgblu.dev\/prezzi\/"},"modified":"2024-01-22T09:12:08","modified_gmt":"2024-01-22T08:12:08","slug":"prezzi","status":"publish","type":"page","link":"https:\/\/familyhotelbelvedere.it\/de\/prezzi\/","title":{"rendered":"Preise"},"content":{"rendered":"\n<div class=\"wp-block-cover alignfull\" style=\"min-height:40vh;aspect-ratio:unset;\"><span aria-hidden=\"true\" class=\"wp-block-cover__background has-background-dim-0 has-background-dim\"><\/span><img loading=\"lazy\" decoding=\"async\" width=\"1600\" height=\"1064\" class=\"wp-block-cover__image-background wp-image-32\" alt=\"\" src=\"https:\/\/familyhotelbelvedere.it\/wp-content\/uploads\/2021\/11\/hotel_home.jpg\" data-object-fit=\"cover\" srcset=\"https:\/\/familyhotelbelvedere.it\/wp-content\/uploads\/2021\/11\/hotel_home.jpg 1600w, https:\/\/familyhotelbelvedere.it\/wp-content\/uploads\/2021\/11\/hotel_home-300x200.jpg 300w, https:\/\/familyhotelbelvedere.it\/wp-content\/uploads\/2021\/11\/hotel_home-1024x681.jpg 1024w, https:\/\/familyhotelbelvedere.it\/wp-content\/uploads\/2021\/11\/hotel_home-768x511.jpg 768w, https:\/\/familyhotelbelvedere.it\/wp-content\/uploads\/2021\/11\/hotel_home-1536x1021.jpg 1536w\" sizes=\"auto, (max-width: 1600px) 100vw, 1600px\" \/><div class=\"wp-block-cover__inner-container is-layout-flow wp-block-cover-is-layout-flow\">\n<h1 class=\"wp-block-heading has-text-align-center\"><\/h1>\n<\/div><\/div>\n\n\n\n<h1 class=\"wp-block-heading has-text-align-center has-ast-global-color-5-color has-text-color\">Preise 2024<\/h1>\n\n\n\n<div style=\"height:32px\" aria-hidden=\"true\" class=\"wp-block-spacer\"><\/div>\n\n\n\n<h2 class=\"wp-block-heading has-text-align-center\">Die Preise verstehen sich pro Person mit Halbpension, mindestens 3 N\u00e4chte und beinhalten den Zugang zum Wellness Center<\/h2>\n\n\n\n<figure class=\"wp-block-table is-style-stripes has-small-font-size\"><table><thead><tr><th class=\"has-text-align-center\" data-align=\"center\">PERIODEN<\/th><th class=\"has-text-align-center\" data-align=\"center\">ZIMMER<br>Abete<\/th><th class=\"has-text-align-center\" data-align=\"center\">ZIMMER<br>Panarotta<\/th><th class=\"has-text-align-center\" data-align=\"center\">FAMILY SUITE*<br>Fravort<\/th><th class=\"has-text-align-center\" data-align=\"center\">FAMILY SUITE*<br>Costalta<\/th><th class=\"has-text-align-center\" data-align=\"center\">FAMILY SUITE*<br>Larice<\/th><th class=\"has-text-align-center\" data-align=\"center\">CHALET**<br>Lagorai<\/th><th class=\"has-text-align-center\" data-align=\"center\">CHALET**<br>Vigolana<\/th><th class=\"has-text-align-center\" data-align=\"center\">SUITE<br>Marzola<\/th><\/tr><\/thead><tbody><tr><td class=\"has-text-align-center\" data-align=\"center\">11\/01 &#8211; 02\/04<\/td><td class=\"has-text-align-center\" data-align=\"center\">78<\/td><td class=\"has-text-align-center\" data-align=\"center\">82<\/td><td class=\"has-text-align-center\" data-align=\"center\">90<\/td><td class=\"has-text-align-center\" data-align=\"center\">90<\/td><td class=\"has-text-align-center\" data-align=\"center\">90<\/td><td class=\"has-text-align-center\" data-align=\"center\">92<\/td><td class=\"has-text-align-center\" data-align=\"center\">92<\/td><td class=\"has-text-align-center\" data-align=\"center\">100<\/td><\/tr><tr><td class=\"has-text-align-center\" data-align=\"center\">03\/04 &#8211; 19\/06<\/td><td class=\"has-text-align-center\" data-align=\"center\">75<\/td><td class=\"has-text-align-center\" data-align=\"center\">78<\/td><td class=\"has-text-align-center\" data-align=\"center\">87<\/td><td class=\"has-text-align-center\" data-align=\"center\">87<\/td><td class=\"has-text-align-center\" data-align=\"center\">87<\/td><td class=\"has-text-align-center\" data-align=\"center\">90<\/td><td class=\"has-text-align-center\" data-align=\"center\">90<\/td><td class=\"has-text-align-center\" data-align=\"center\">96<\/td><\/tr><tr><td class=\"has-text-align-center\" data-align=\"center\">20\/06 &#8211; 15\/07<\/td><td class=\"has-text-align-center\" data-align=\"center\">78<\/td><td class=\"has-text-align-center\" data-align=\"center\">80<\/td><td class=\"has-text-align-center\" data-align=\"center\">88<\/td><td class=\"has-text-align-center\" data-align=\"center\">88<\/td><td class=\"has-text-align-center\" data-align=\"center\">88<\/td><td class=\"has-text-align-center\" data-align=\"center\">90<\/td><td class=\"has-text-align-center\" data-align=\"center\">90<\/td><td class=\"has-text-align-center\" data-align=\"center\">96<\/td><\/tr><tr><td class=\"has-text-align-center\" data-align=\"center\">16\/07- 01\/08<\/td><td class=\"has-text-align-center\" data-align=\"center\">80<\/td><td class=\"has-text-align-center\" data-align=\"center\">82<\/td><td class=\"has-text-align-center\" data-align=\"center\">90<\/td><td class=\"has-text-align-center\" data-align=\"center\">90<\/td><td class=\"has-text-align-center\" data-align=\"center\">90<\/td><td class=\"has-text-align-center\" data-align=\"center\">92<\/td><td class=\"has-text-align-center\" data-align=\"center\">92<\/td><td class=\"has-text-align-center\" data-align=\"center\">100<\/td><\/tr><tr><td class=\"has-text-align-center\" data-align=\"center\">02\/08 &#8211; 08\/09<\/td><td class=\"has-text-align-center\" data-align=\"center\">82<\/td><td class=\"has-text-align-center\" data-align=\"center\">85<\/td><td class=\"has-text-align-center\" data-align=\"center\">94<\/td><td class=\"has-text-align-center\" data-align=\"center\">94<\/td><td class=\"has-text-align-center\" data-align=\"center\">94<\/td><td class=\"has-text-align-center\" data-align=\"center\">95<\/td><td class=\"has-text-align-center\" data-align=\"center\">95<\/td><td class=\"has-text-align-center\" data-align=\"center\">110<\/td><\/tr><tr><td class=\"has-text-align-center\" data-align=\"center\">09\/09- 29\/10<\/td><td class=\"has-text-align-center\" data-align=\"center\">75<\/td><td class=\"has-text-align-center\" data-align=\"center\">78<\/td><td class=\"has-text-align-center\" data-align=\"center\">87<\/td><td class=\"has-text-align-center\" data-align=\"center\">87<\/td><td class=\"has-text-align-center\" data-align=\"center\">87<\/td><td class=\"has-text-align-center\" data-align=\"center\">90<\/td><td class=\"has-text-align-center\" data-align=\"center\">90<\/td><td class=\"has-text-align-center\" data-align=\"center\">96<\/td><\/tr><tr><td class=\"has-text-align-center\" data-align=\"center\">30\/10 &#8211; 10-01<\/td><td class=\"has-text-align-center\" data-align=\"center\">83<\/td><td class=\"has-text-align-center\" data-align=\"center\">86<\/td><td class=\"has-text-align-center\" data-align=\"center\">95<\/td><td class=\"has-text-align-center\" data-align=\"center\">95<\/td><td class=\"has-text-align-center\" data-align=\"center\">95<\/td><td class=\"has-text-align-center\" data-align=\"center\">96<\/td><td class=\"has-text-align-center\" data-align=\"center\">96<\/td><td class=\"has-text-align-center\" data-align=\"center\">111<\/td><\/tr><\/tbody><\/table><\/figure>\n\n\n\n<p><strong>Die Preise verstehen sich pro Person mit Halbpension, mindestens f\u00fcr 3 N\u00e4chte und beinhalten die Benutzung des neuen Wellness &#8211; Zentrums und&nbsp;&nbsp; Schwimmbad.<\/strong><\/p>\n\n\n\n<p><strong>*&nbsp;<\/strong><strong>F\u00fcr Chalet LAGORAI un VIGOLANA werden mindestens 3 volle Personen berechnet.<\/strong><\/p>\n\n\n<table style=\"border-collapse: collapse; width: 100%; height: 657px;\">\n<tbody>\n<tr style=\"background-color: #cccccc;\">\n<td style=\"height: 37px; text-align: left; vertical-align: top; width: 99.8626%;\" colspan=\"2\"><strong>REDUCTIONS<\/strong><\/td>\n<\/tr>\n<tr style=\"height: 37px;\">\n<td style=\"text-align: left; vertical-align: top; width: 81.5247%; height: 37px;\">B&amp;B (only bed and breakfast) &#8211; minimum stay 3 nights<\/td>\n<td style=\"vertical-align: top; width: 18.3379%; text-align: center; height: 37px;\">+10\u20ac<\/td>\n<\/tr>\n<tr style=\"height: 37px;\">\n<td style=\"text-align: left; vertical-align: top; width: 81.5247%; height: 37px;\" colspan=\"2\"><strong>\u00a0<\/strong><\/td>\n<\/tr>\n<tr style=\"background-color: #cccccc;\">\n<td style=\"height: 37px; text-align: left; vertical-align: top; width: 99.8626%;\" colspan=\"2\"><strong>SUPPLEMENTS<\/strong><\/td>\n<\/tr>\n<tr style=\"height: 37px;\">\n<td style=\"text-align: left; vertical-align: top; width: 81.5247%; height: 37px;\">Single room<\/td>\n<td style=\"vertical-align: top; width: 18.3379%; text-align: center; height: 37px;\">+10\u20ac<\/td>\n<\/tr>\n<tr style=\"height: 37px;\">\n<td style=\"text-align: left; vertical-align: top; width: 81.5247%; height: 37px;\">FB adults<\/td>\n<td style=\"vertical-align: top; width: 18.3379%; text-align: center; height: 37px;\">+20\u20ac<\/td>\n<\/tr>\n<tr style=\"height: 37px;\">\n<td style=\"text-align: left; vertical-align: top; width: 81.5247%; height: 37px;\">FB kids (until 12 years not turned yet)<\/td>\n<td style=\"vertical-align: top; width: 18.3379%; text-align: center; height: 37px;\">+10\u20ac<\/td>\n<\/tr>\n<tr style=\"height: 37px;\">\n<td style=\"text-align: left; vertical-align: top; width: 99.8626%; height: 37px;\" colspan=\"2\"><strong>\u00a0<\/strong><\/td>\n<\/tr>\n<tr style=\"background-color: #cccccc;\">\n<td style=\"height: 37px; text-align: left; vertical-align: top; width: 99.8626%;\" colspan=\"2\"><strong>KIDS<\/strong><\/td>\n<\/tr>\n<tr style=\"height: 37px;\">\n<td style=\"height: 37px; width: 81.5247%;\">0 &#8211; 3 years (not turned yet, with adults)<\/td>\n<td style=\"height: 37px; width: 18.3379%; text-align: center; vertical-align: top;\">free<\/td>\n<\/tr>\n<tr style=\"height: 37px;\">\n<td style=\"height: 37px; width: 81.5247%;\">0 &#8211; 3 years (not turned yet, Family Suite\/Chalet)<\/td>\n<td style=\"height: 37px; text-align: center; width: 18.3379%; vertical-align: top;\">-80%<\/td>\n<\/tr>\n<tr style=\"height: 37px;\">\n<td style=\"width: 81.5247%; height: 37px;\">4 &#8211; 6 years (not turned yet)<\/td>\n<td style=\"height: 37px; text-align: center; width: 18.3379%; vertical-align: top;\">-80%<\/td>\n<\/tr>\n<tr style=\"height: 37px;\">\n<td style=\"width: 81.5247%; height: 37px;\">7 &#8211; 9 years (not turned yet)<\/td>\n<td style=\"height: 37px; text-align: center; width: 18.3379%; vertical-align: top;\">-70%<\/td>\n<\/tr>\n<tr style=\"height: 37px;\">\n<td style=\"width: 81.5247%; height: 37px;\">10 &#8211; 12 years (not turned yet)<\/td>\n<td style=\"height: 37px; text-align: center; width: 18.3379%; vertical-align: top;\">-50%<\/td>\n<\/tr>\n<tr style=\"height: 37px;\">\n<td style=\"width: 81.5247%; height: 37px;\">Cot<\/td>\n<td style=\"height: 37px; text-align: center; width: 18.3379%; vertical-align: top;\">+10\u20ac<\/td>\n<\/tr>\n<tr style=\"height: 37px;\">\n<td style=\"text-align: left; vertical-align: top; height: 37px; width: 81.5247%;\" colspan=\"2\">\u00a0<\/td>\n<\/tr>\n<tr style=\"background-color: #cccccc;\">\n<td style=\"height: 37px; text-align: left; vertical-align: top; width: 99.8626%;\" colspan=\"2\"><strong>ANIMALS<\/strong><\/td>\n<\/tr>\n<tr style=\"height: 37px;\">\n<td style=\"height: 28px; width: 81.5247%;\">Small pets on request (price per day)<\/td>\n<td style=\"height: 28px; width: 18.3379%; text-align: center; vertical-align: top;\">+10\u20ac<\/td>\n<\/tr>\n<\/tbody>\n<\/table>\n\n\n<h3 class=\"wp-block-heading has-large-font-size\">ANZAHLUNG (Bankdaten)<\/h3>\n\n\n\n<p>um ihre Buchung zu best\u00e4tigen, bitten wir sie&nbsp; \u20ac 250,00 als Angeld mittels Posterlagsschein, Kreditkarte, Bank\u00fcberweisung oder Scheck mit rekommandiertem Brief mit R\u00fcckantwort zu entrichten:<br>hier unsere Bankdaten :<br><br><strong>Cassa Rurale Pinetana Fornace<\/strong><br>IBAN&nbsp; IT75Y08316 34331 00000 2068146<\/p>\n\n\n\n<h3 class=\"wp-block-heading has-large-font-size\">INFOS<\/h3>\n\n\n\n<p><strong>die Preise enthalten folgende Leistungen:<\/strong><\/p>\n\n\n\n<ul class=\"wp-block-list\">\n<li>Benutzung des Wellness und Pool Zentrums &#8222;la carezza alpina&#8220; mit Sauna Bereich ( nur f\u00fcr Erwachsene), Kinderschwimmbecken und Solarium-Garten<\/li>\n\n\n\n<li>alle Zimmer sind mit Aufzug zu erreichen, fast alle Zimmer haben Balkon, und alle haben Telefon, TV( einige auch Flachbildschirme) und Safe<\/li>\n\n\n\n<li>Willkommensgruss des Hauses und t\u00e4gliche Infos \u00fcber Aktivit\u00e4ten<\/li>\n\n\n\n<li>Fr\u00fchst\u00fcck bis 10 Uhr;<\/li>\n\n\n\n<li>schmackhafte Abendessen und gastronomische Themenabende;<\/li>\n\n\n\n<li>einladende Salat- K\u00e4se un Nachtischbuffets;<\/li>\n\n\n\n<li>zur Verf\u00fcgung stehen Kinderr\u00e4umlichkeiten, Babysitterdienst, Kinderaktivit\u00e4ten in der &#8220; bottega della fantasia&#8220;- &#8220; Fantasieladen&#8220;;<\/li>\n<\/ul>\n\n\n\n<p><strong>ANKUNFT UND ABFAHRT<\/strong><br>die Zimmer stehen am Ankunftstag ab 12 Uhr zur Verf\u00fcgung, am Abfahrtstag bitten wir sie das Zimmer bis sp\u00e4testens 10 Uhr zu r\u00e4umen.<br>Bei versp\u00e4teter Ankunft oder fr\u00fchzeitiger Abfahrt werden die Tage laut Reservierung berechnet.<\/p>\n\n\n\n<p><strong>ZUZAHLUNGEN UND REDUZIERUNGEN<\/strong><br>f\u00fcr das Mittagessen werden 20 \u20ac f\u00fcr Erwachsene und 10 \u20ac f\u00fcr Kinder bis zu 12 Jahren berechnet. Bei Reservierungen unter 3 Tagen werden 20-30%&nbsp;aufgerechnet, bei Zimmer mit Fr\u00fchst\u00fcck Leistung (Garni) werden 10 \u20ac abgerechnet.<br>Nicht konsumierte Mahlzeiten werden nicht vom Preis abgezogen.<\/p>\n\n\n\n<p><strong>LATE CHEK OUT<\/strong><br>auf Anfrage und Verf\u00fcgbarkeit ist es am Abfahrtstag m\u00f6glich das Zimmer auch nach 10 Uhr gegen einen Aufpreis von 60 \u20ac und der M\u00f6glichkeit das Wellnesszentrumszu benutzen, zu verlassen, muss jedoch rechtzeitig an der Rezeption gemeldet werden.<\/p>\n\n\n\n<p><strong>FRUHZEITIGE ABFAHRT<\/strong><br>Bei fr\u00fchzeitiger Abfahrt oder versp\u00e4teter Ankunft werden die betreffenden Tage mit einem Abschlag von 20 % berechnet;<\/p>\n\n\n\n<p><strong>ANZAHLUNG- STORNO- ABSAGE<\/strong><br>Bei Absage bis 60 Tage vor der Ankunft wird die Anzahlung in einen Gutschein f\u00fcr einen anderen Aufenthalt im Family Hotel Belvedere gutgeschrieben, ansonsten wird die Anzahlung nicht r\u00fcckerstattet.<\/p>\n\n\n\n<p><strong>VERSICHERUNG STORNO<\/strong><br>wir empfehlen eine Versicherung f\u00fcr einen eventuellen Storno online abzuschliessen :&nbsp;<a href=\"http:\/\/www.assiglobal.org\/storno\/\" target=\"_blank\" rel=\"noreferrer noopener\">www.assiglobal.org\/storno\/<\/a><\/p>\n\n\n\n<p><strong>RESERVIERUNGEN f\u00fcr WELLNESSBEREICH&nbsp;&nbsp; &#8222;LA CAREZZA ALPINA&#8220;<\/strong><br>wir empfehlen ihnen die Reservierungen fr\u00fchzeitig zu reservieren um nicht darauf verzichten zu m\u00fcssen. Bei Unp\u00fcnktlichkeit verringert sich die dauer der Behandlung, Absagen werden bis 24 Stunden vorher akzeptiert, in anderem Falle werden 50% der Leistung f\u00e4llig.<\/p>\n\n\n\n<p><strong>SONDERANGEBOTE und ABSCHLAGE<\/strong><br>Sonderangebote und Abschl\u00e4ge werden nur von Fall zu Fall berechnet.<\/p>\n\n\n\n<div style=\"height:30px\" aria-hidden=\"true\" class=\"wp-block-spacer\"><\/div>\n","protected":false},"excerpt":{"rendered":"<p>Preise 2024 Die Preise verstehen sich pro Person mit Halbpension, mindestens 3 N\u00e4chte und beinhalten den Zugang zum Wellness Center PERIODEN ZIMMERAbete ZIMMERPanarotta FAMILY SUITE*Fravort FAMILY SUITE*Costalta FAMILY SUITE*Larice CHALET**Lagorai CHALET**Vigolana SUITEMarzola 11\/01 &#8211; 02\/04 78 82 90 90 90 92 92 100 03\/04 &#8211; 19\/06 75 78 87 87 87 90 90 96 20\/06 [&hellip;]<\/p>\n","protected":false},"author":1,"featured_media":0,"parent":0,"menu_order":50,"comment_status":"closed","ping_status":"closed","template":"","meta":{"_uag_custom_page_level_css":"","site-sidebar-layout":"default","site-content-layout":"","ast-site-content-layout":"default","site-content-style":"default","site-sidebar-style":"default","ast-global-header-display":"","ast-banner-title-visibility":"","ast-main-header-display":"","ast-hfb-above-header-display":"","ast-hfb-below-header-display":"","ast-hfb-mobile-header-display":"","site-post-title":"disabled","ast-breadcrumbs-content":"","ast-featured-img":"","footer-sml-layout":"","ast-disable-related-posts":"","theme-transparent-header-meta":"","adv-header-id-meta":"","stick-header-meta":"","header-above-stick-meta":"","header-main-stick-meta":"","header-below-stick-meta":"","astra-migrate-meta-layouts":"set","ast-page-background-enabled":"default","ast-page-background-meta":{"desktop":{"background-color":"var(--ast-global-color-4)","background-image":"","background-repeat":"repeat","background-position":"center center","background-size":"auto","background-attachment":"scroll","background-type":"","background-media":"","overlay-type":"","overlay-color":"","overlay-opacity":"","overlay-gradient":""},"tablet":{"background-color":"","background-image":"","background-repeat":"repeat","background-position":"center center","background-size":"auto","background-attachment":"scroll","background-type":"","background-media":"","overlay-type":"","overlay-color":"","overlay-opacity":"","overlay-gradient":""},"mobile":{"background-color":"","background-image":"","background-repeat":"repeat","background-position":"center center","background-size":"auto","background-attachment":"scroll","background-type":"","background-media":"","overlay-type":"","overlay-color":"","overlay-opacity":"","overlay-gradient":""}},"ast-content-background-meta":{"desktop":{"background-color":"var(--ast-global-color-5)","background-image":"","background-repeat":"repeat","background-position":"center center","background-size":"auto","background-attachment":"scroll","background-type":"","background-media":"","overlay-type":"","overlay-color":"","overlay-opacity":"","overlay-gradient":""},"tablet":{"background-color":"var(--ast-global-color-5)","background-image":"","background-repeat":"repeat","background-position":"center center","background-size":"auto","background-attachment":"scroll","background-type":"","background-media":"","overlay-type":"","overlay-color":"","overlay-opacity":"","overlay-gradient":""},"mobile":{"background-color":"var(--ast-global-color-5)","background-image":"","background-repeat":"repeat","background-position":"center center","background-size":"auto","background-attachment":"scroll","background-type":"","background-media":"","overlay-type":"","overlay-color":"","overlay-opacity":"","overlay-gradient":""}},"footnotes":""},"class_list":["post-1079","page","type-page","status-publish","hentry"],"uagb_featured_image_src":{"full":false,"thumbnail":false,"medium":false,"medium_large":false,"large":false,"rpg_gallery_admin_thumb":false,"rpg_gallery_thumb":false,"1536x1536":false,"2048x2048":false},"uagb_author_info":{"display_name":"admin","author_link":"https:\/\/familyhotelbelvedere.it\/de\/author\/webmaster_belvedere\/"},"uagb_comment_info":0,"uagb_excerpt":"Preise 2024 Die Preise verstehen sich pro Person mit Halbpension, mindestens 3 N\u00e4chte und beinhalten den Zugang zum Wellness Center PERIODEN ZIMMERAbete ZIMMERPanarotta FAMILY SUITE*Fravort FAMILY SUITE*Costalta FAMILY SUITE*Larice CHALET**Lagorai CHALET**Vigolana SUITEMarzola 11\/01 &#8211; 02\/04 78 82 90 90 90 92 92 100 03\/04 &#8211; 19\/06 75 78 87 87 87 90 90 96 20\/06&hellip;","_links":{"self":[{"href":"https:\/\/familyhotelbelvedere.it\/de\/wp-json\/wp\/v2\/pages\/1079","targetHints":{"allow":["GET"]}}],"collection":[{"href":"https:\/\/familyhotelbelvedere.it\/de\/wp-json\/wp\/v2\/pages"}],"about":[{"href":"https:\/\/familyhotelbelvedere.it\/de\/wp-json\/wp\/v2\/types\/page"}],"author":[{"embeddable":true,"href":"https:\/\/familyhotelbelvedere.it\/de\/wp-json\/wp\/v2\/users\/1"}],"replies":[{"embeddable":true,"href":"https:\/\/familyhotelbelvedere.it\/de\/wp-json\/wp\/v2\/comments?post=1079"}],"version-history":[{"count":14,"href":"https:\/\/familyhotelbelvedere.it\/de\/wp-json\/wp\/v2\/pages\/1079\/revisions"}],"predecessor-version":[{"id":2495,"href":"https:\/\/familyhotelbelvedere.it\/de\/wp-json\/wp\/v2\/pages\/1079\/revisions\/2495"}],"wp:attachment":[{"href":"https:\/\/familyhotelbelvedere.it\/de\/wp-json\/wp\/v2\/media?parent=1079"}],"curies":[{"name":"wp","href":"https:\/\/api.w.org\/{rel}","templated":true}]}}